{"id":2934,"date":"2025-07-28T16:24:30","date_gmt":"2025-07-28T14:24:30","guid":{"rendered":"https:\/\/www.aupa-immo.com\/11-informacion-legal\/"},"modified":"2025-10-27T13:36:47","modified_gmt":"2025-10-27T12:36:47","slug":"informacion-legal","status":"publish","type":"page","link":"https:\/\/www.aupa-immo.com\/es\/informacion-legal\/","title":{"rendered":"11. Informaci\u00f3n legal"},"content":{"rendered":"\n<section class=\"wp-block-group alignwide page-01 has-global-padding is-layout-constrained wp-container-core-group-is-layout-efe865d3 wp-block-group-is-layout-constrained\" style=\"padding-top:7rem;padding-bottom:7rem\">\n<div class=\"wp-block-group alignfull has-global-padding is-layout-constrained wp-container-core-group-is-layout-73e2de76 wp-block-group-is-layout-constrained\" style=\"padding-top:84px;padding-bottom:var(--wp--preset--spacing--40)\">\n<div class=\"wp-block-columns alignwide are-vertically-aligned-center is-layout-flex wp-container-core-columns-is-layout-a85f4655 wp-block-columns-is-layout-flex\">\n<div class=\"wp-block-column is-layout-flow wp-block-column-is-layout-flow\">\n<h1 class=\"wp-block-heading alignwide has-text-align-center\">Informaci\u00f3n legal<\/h1>\n\n\n\n<h2 class=\"wp-block-heading ls-heading\">Aupa Immobilier<\/h2>\n\n\n\n<p class=\"ls-paragraph\">Forma jur\u00eddica: SARL<br\/>Domicilio social: 2 place du G\u00e9n\u00e9ral de Gaulle, 40480 - VIEUX-BOUCAU-LES-BAINS<br\/>RCS: DAX 479 783 110<br\/>Capital: 8000\u20ac<br\/>APE: 6831Z<br\/>Gerente: Sr. Unai Arocena<br\/>Nombre y direcci\u00f3n del garante: CGAIM 89 Rue de la BOETIE 75008 PARIS<br\/>Propietario del sitio web: AUPA IMMOBILIER<\/p>\n\n\n\n<h2 class=\"wp-block-heading ls-heading\">PRODUCCI\u00d3N<\/h2>\n\n\n\n<p class=\"ls-paragraph\">GEEK TONIC<br\/>Representada por el Sr. Yohan Darmayan en calidad de Gerente<br\/>Domicilio social: 50 AV. DU LAC MARION 64200 BIARRITZ<br\/>Tel: 05 32 74 11 52<br\/>Correo electr\u00f3nico: support@geek-tonic.com<br\/>P\u00e1gina web: <a href=\"https:\/\/www.geek-tonic.com\/\">www.geek-tonic.com<\/a><br\/>SIRET: 89746755100015<br\/>APE: 6201Z <\/p>\n\n\n\n<p class=\"ls-paragraph\">Alojamiento<br\/>OVH, SAS con un capital de 10.069.020 euros<br\/>RCS Lille M\u00e9tropole 424 761 419 00045<br\/>C\u00f3digo APE 2620Z<br\/>CIF: FR 22 424 761 419<br\/>Domicilio social: 2 rue Kellermann - 59100 Roubaix - Francia<\/p>\n\n\n\n<h2 class=\"wp-block-heading ls-heading\">COPYRIGHT<\/h2>\n\n\n\n<p class=\"ls-paragraph\">Todo el contenido de este sitio est\u00e1 sujeto a derechos de autor y propiedad intelectual seg\u00fan la legislaci\u00f3n francesa. Queda prohibida cualquier reproducci\u00f3n (incluidas fotos, iconos y documentos descargables) sin el consentimiento previo de GEEK TONIC. Queda prohibida la reproducci\u00f3n en soporte electr\u00f3nico de todo o parte del sitio en papel o formato electr\u00f3nico. GEEK TONIC declina toda responsabilidad por el contenido del sitio web. GEEK TONIC tambi\u00e9n declina toda responsabilidad en cuanto a los enlaces externos que apunten hacia el presente sitio.   <\/p>\n\n\n\n<h2 class=\"wp-block-heading ls-heading\" id=\"m-t-6\">DATOS PERSONALES E INFORMACI\u00d3N NOMINATIVA<\/h2>\n\n\n\n<p class=\"ls-paragraph\">Tienes derecho a acceder, modificar, rectificar y suprimir los datos que te conciernen, de conformidad con el art\u00edculo 34 de la Ley francesa de Protecci\u00f3n de Datos n\u00ba 78-17 de 6 de enero de 1978, modificada el 6 de agosto de 2018. Para ejercer este derecho de acceso, env\u00eda una solicitud por escrito al editor del sitio. <\/p>\n\n\n\n<h2 class=\"wp-block-heading ls-heading\">LEGISLACI\u00d3N<\/h2>\n\n\n\n<p class=\"ls-paragraph\">De conformidad con la ley de 11 de marzo de 1957 (art. 41) y el c\u00f3digo de la propiedad intelectual de 1 de julio de 1992, est\u00e1 prohibida la reproducci\u00f3n total o parcial del sitio sin autorizaci\u00f3n previa del editor del sitio. Los logotipos, elementos visuales, fotos, v\u00eddeos, cuadros gr\u00e1ficos y textos son propiedad de sus respectivos propietarios. Este sitio puede, sin su conocimiento, haber sido vinculado a otros sitios mediante enlaces hipermedia. El editor del sitio declina toda responsabilidad por la informaci\u00f3n presentada en estos otros sitios. Los usuarios de Internet reconocen que el uso de este sitio se rige por la legislaci\u00f3n francesa.    <\/p>\n<\/div>\n<\/div>\n<\/div>\n<\/section>\n","protected":false},"excerpt":{"rendered":"<p>Informaci\u00f3n legal Aupa Immobilier Forma jur\u00eddica: SARLDomicilio social: 2 place du G\u00e9n\u00e9ral de Gaulle, 40480 - VIEUX-BOUCAU-LES-BAINSRCS: DAX 479 783 110Capital: 8000\u20acAPE: 6831ZGerente: Sr. Unai ArocenaNombre y direcci\u00f3n del garante: CGAIM 89 Rue de la BOETIE 75008 PARISPropietario del sitio web: AUPA IMMOBILIER PRODUCCI\u00d3N GEEK TONICRepresentada por el Sr. Yohan Darmayan en calidad de GerenteDomicilio [&hellip;]<\/p>\n","protected":false},"author":1,"featured_media":0,"parent":0,"menu_order":0,"comment_status":"closed","ping_status":"closed","template":"","meta":{"_seopress_robots_primary_cat":"","_seopress_titles_title":"","_seopress_titles_desc":"","_seopress_robots_index":"","inline_featured_image":false,"gt_fse_maillage_image":"","gt_fse_maillage_titre":"Calado autom\u00e1tico","gt_fse_maillage_alt":"Calado autom\u00e1tico","gt_fse_maillage_resume":"","footnotes":""},"categories":[],"tags":[],"class_list":["post-2934","page","type-page","status-publish","hentry"],"_links":{"self":[{"href":"https:\/\/www.aupa-immo.com\/es\/wp-json\/wp\/v2\/pages\/2934","targetHints":{"allow":["GET"]}}],"collection":[{"href":"https:\/\/www.aupa-immo.com\/es\/wp-json\/wp\/v2\/pages"}],"about":[{"href":"https:\/\/www.aupa-immo.com\/es\/wp-json\/wp\/v2\/types\/page"}],"author":[{"embeddable":true,"href":"https:\/\/www.aupa-immo.com\/es\/wp-json\/wp\/v2\/users\/1"}],"replies":[{"embeddable":true,"href":"https:\/\/www.aupa-immo.com\/es\/wp-json\/wp\/v2\/comments?post=2934"}],"version-history":[{"count":1,"href":"https:\/\/www.aupa-immo.com\/es\/wp-json\/wp\/v2\/pages\/2934\/revisions"}],"predecessor-version":[{"id":2935,"href":"https:\/\/www.aupa-immo.com\/es\/wp-json\/wp\/v2\/pages\/2934\/revisions\/2935"}],"wp:attachment":[{"href":"https:\/\/www.aupa-immo.com\/es\/wp-json\/wp\/v2\/media?parent=2934"}],"wp:term":[{"taxonomy":"category","embeddable":true,"href":"https:\/\/www.aupa-immo.com\/es\/wp-json\/wp\/v2\/categories?post=2934"},{"taxonomy":"post_tag","embeddable":true,"href":"https:\/\/www.aupa-immo.com\/es\/wp-json\/wp\/v2\/tags?post=2934"}],"curies":[{"name":"wp","href":"https:\/\/api.w.org\/{rel}","templated":true}]}}